{"id":4491,"date":"2009-09-08T16:33:06","date_gmt":"2009-09-08T16:33:06","guid":{"rendered":"http:\/\/wpzoom.com\/magnet\/demo\/?page_id=2"},"modified":"2021-03-22T16:11:11","modified_gmt":"2021-03-22T14:11:11","slug":"about","status":"publish","type":"page","link":"https:\/\/studionyytaja.com\/index.php\/about\/","title":{"rendered":"Markku Nyyt\u00e4j\u00e4"},"content":{"rendered":"\n<h3 class=\"wp-block-heading\">Valokuvaaja &#8211; Studio Markku Nyyt\u00e4j\u00e4<br>Soitinrakentaja &#8211; <a rel=\"noreferrer noopener\" href=\"https:\/\/nydeguitars.com\/fi-FI\/\" data-type=\"URL\" target=\"_blank\">NYDE Guitars<\/a><\/h3>\n\n\n<p>Asun ja ty\u00f6skentelen Helsingiss\u00e4. Olen sek\u00e4 teknisesti ett\u00e4 visuaalisesti monipuolinen valokuvaaja ja minulla on ammatillista alan ty\u00f6kokemusta vuodesta 1984 l\u00e4htien. Ty\u00f6teht\u00e4viini ovat kuuluneet muun muassa lehtikuvaus, muoti- ja muotokuvaus, \u00a0yritys- ja yksityistilaisuuksien dokumentointi sek\u00e4 tuote- ja mainoskuvaus. Minulla on hyv\u00e4 valon, sommittelun ja hetken taju. Otan hyvi\u00e4 kuvia.<\/p>\n<p>Valokuvaus on intohimoni. Pid\u00e4n aina kameraa tai useampaa mukanani, en pelk\u00e4st\u00e4\u00e4n \u00e4lypuhelinta. Valokuvaan jatkuvasti mit\u00e4 tahansa aiheita, jotka kiinnitt\u00e4v\u00e4t huomioni ja vaativat minua painamaan laukaisinta. Jotkut n\u00e4ist\u00e4 kuvista ovat n\u00e4ht\u00e4viss\u00e4 t\u00e4ll\u00e4 sivustolla, jotkut Flickr-sivustollani ja Instagram-tilill\u00e4ni <a href=\"https:\/\/www.instagram.com\/nyde6\/\" target=\"_blank\" rel=\"noopener\"><strong>nyde6<\/strong><\/a>.<\/p>\n<p>Vuonna 1993 valmistuin Taiteen maisteriksi Taideteollisen korkeakoulun valokuvataiteen laitokselta. Lopputy\u00f6ni <strong>Pen-Ar-Bed<\/strong> kuvasin Bretagnessa ja kyseisen sarjan kuvia on my\u00f6s t\u00e4\u00e4ll\u00e4. Ty\u00f6skentelin valokuvaajana koko opiskeluaikani, mink\u00e4 ansiosta minulla valmistuessani oli laaja ammatillinen taito- ja kokemuspohja. Vuonna 2007 sain ty\u00f6n ohessa suoritetuista opinnoista visuaalisten taiteiden opettajan pedagogisen p\u00e4tevyyden.<\/p>\n<p>Valokuvaajana toimimisen lis\u00e4ksi olen 25 vuoden ajan toiminut p\u00e4\u00e4toimisesti valokuvauksen opettajana. Vuodesta 1994 vuoteen 2019 johdin ja kehitin vuoden mittaista valokuvauslinjaa ja annoin tuona aikana ammatillisen tietotaitoni satojen opiskelijoiden k\u00e4ytt\u00f6\u00f6n, auttaen heit\u00e4 k\u00e4ynnist\u00e4m\u00e4\u00e4n omat uransa valokuvaajina.<\/p>\n<p>Sivutoimenani suunnittelen, rakennan, huollan ja korjaan s\u00e4hk\u00f6isi\u00e4 kielisoittimia kuten s\u00e4hk\u00f6kitaroita- ja \u00a0bassoja. Joulukuussa 2008 pystytin Tammisaaren keskustaan NYDE Guitars-kitaraverstaani. Ensimm\u00e4iset soittimet valmistuivat kes\u00e4ll\u00e4 2009 ja vuodesta 2011 olen suunnitellut ja valmistanut omia NYDE Pickups- kitara- ja bassomikrofonejani. Maaliskuussa 2020 siirsin verstaani toiminnan Helsinkiin. Kitaroita, bassoja ja kitaramikrofoneja esitell\u00e4\u00e4n kattavammin sivustollani <a href=\"https:\/\/nydeguitars.com\/fi-FI\/\" target=\"_blank\" rel=\"noopener\"><strong>nydeguitars.com<\/strong>.<\/a><\/p>","protected":false},"excerpt":{"rendered":"<p>Valokuvaaja &#8211; Studio Markku Nyyt\u00e4j\u00e4Soitinrakentaja &#8211; NYDE Guitars Asun ja ty\u00f6skentelen Helsingiss\u00e4. Olen sek\u00e4 teknisesti ett\u00e4 visuaalisesti monipuolinen valokuvaaja ja minulla on ammatillista alan ty\u00f6kokemusta vuodesta 1984 l\u00e4htien. Ty\u00f6teht\u00e4viini ovat kuuluneet muun muassa lehtikuvaus, muoti- ja muotokuvaus, \u00a0yritys- ja yksityistilaisuuksien dokumentointi sek\u00e4 tuote- ja mainoskuvaus. Minulla on hyv\u00e4 valon, sommittelun [&hellip;]<\/p>\n","protected":false},"author":1,"featured_media":5851,"parent":0,"menu_order":0,"comment_status":"closed","ping_status":"closed","template":"","meta":{"footnotes":""},"class_list":["post-4491","page","type-page","status-publish","has-post-thumbnail","hentry"],"jetpack_sharing_enabled":true,"_links":{"self":[{"href":"https:\/\/studionyytaja.com\/index.php\/wp-json\/wp\/v2\/pages\/4491","targetHints":{"allow":["GET"]}}],"collection":[{"href":"https:\/\/studionyytaja.com\/index.php\/wp-json\/wp\/v2\/pages"}],"about":[{"href":"https:\/\/studionyytaja.com\/index.php\/wp-json\/wp\/v2\/types\/page"}],"author":[{"embeddable":true,"href":"https:\/\/studionyytaja.com\/index.php\/wp-json\/wp\/v2\/users\/1"}],"replies":[{"embeddable":true,"href":"https:\/\/studionyytaja.com\/index.php\/wp-json\/wp\/v2\/comments?post=4491"}],"version-history":[{"count":22,"href":"https:\/\/studionyytaja.com\/index.php\/wp-json\/wp\/v2\/pages\/4491\/revisions"}],"predecessor-version":[{"id":6136,"href":"https:\/\/studionyytaja.com\/index.php\/wp-json\/wp\/v2\/pages\/4491\/revisions\/6136"}],"wp:featuredmedia":[{"embeddable":true,"href":"https:\/\/studionyytaja.com\/index.php\/wp-json\/wp\/v2\/media\/5851"}],"wp:attachment":[{"href":"https:\/\/studionyytaja.com\/index.php\/wp-json\/wp\/v2\/media?parent=4491"}],"curies":[{"name":"wp","href":"https:\/\/api.w.org\/{rel}","templated":true}]}}