{"id":5206,"date":"2014-08-06T08:40:48","date_gmt":"2014-08-06T08:40:48","guid":{"rendered":"http:\/\/demo.wpzoom.com\/inspiro-photography\/?page_id=5206"},"modified":"2021-03-01T10:37:12","modified_gmt":"2021-03-01T10:37:12","slug":"portfolio","status":"publish","type":"page","link":"https:\/\/studionyytaja.com\/index.php\/portfolio\/","title":{"rendered":"Galleria"},"content":{"rendered":"<p style=\"text-align: center;\">T\u00e4ss\u00e4 galleriassa on valokuviani vuosien varrelta. Osa kuvista on tilaust\u00f6it\u00e4, osan olen ottanut omaksi ilokseni. Kuvia on my\u00f6s kategorioittain esimerkiksi n\u00e4yttelysarjoihin kuuluvina tai tietyst\u00e4 aihepiireist\u00e4.<\/p>\n","protected":false},"excerpt":{"rendered":"<p>T\u00e4ss\u00e4 galleriassa on valokuviani vuosien varrelta. Osa kuvista on tilaust\u00f6it\u00e4, osan olen ottanut omaksi ilokseni. Kuvia on my\u00f6s kategorioittain esimerkiksi n\u00e4yttelysarjoihin kuuluvina tai tietyst\u00e4 aihepiireist\u00e4.<\/p>\n","protected":false},"author":1,"featured_media":5813,"parent":0,"menu_order":0,"comment_status":"closed","ping_status":"open","template":"portfolio\/archive-isotope.php","meta":{"footnotes":""},"class_list":["post-5206","page","type-page","status-publish","has-post-thumbnail","hentry"],"jetpack_sharing_enabled":true,"_links":{"self":[{"href":"https:\/\/studionyytaja.com\/index.php\/wp-json\/wp\/v2\/pages\/5206","targetHints":{"allow":["GET"]}}],"collection":[{"href":"https:\/\/studionyytaja.com\/index.php\/wp-json\/wp\/v2\/pages"}],"about":[{"href":"https:\/\/studionyytaja.com\/index.php\/wp-json\/wp\/v2\/types\/page"}],"author":[{"embeddable":true,"href":"https:\/\/studionyytaja.com\/index.php\/wp-json\/wp\/v2\/users\/1"}],"replies":[{"embeddable":true,"href":"https:\/\/studionyytaja.com\/index.php\/wp-json\/wp\/v2\/comments?post=5206"}],"version-history":[{"count":5,"href":"https:\/\/studionyytaja.com\/index.php\/wp-json\/wp\/v2\/pages\/5206\/revisions"}],"predecessor-version":[{"id":6269,"href":"https:\/\/studionyytaja.com\/index.php\/wp-json\/wp\/v2\/pages\/5206\/revisions\/6269"}],"wp:featuredmedia":[{"embeddable":true,"href":"https:\/\/studionyytaja.com\/index.php\/wp-json\/wp\/v2\/media\/5813"}],"wp:attachment":[{"href":"https:\/\/studionyytaja.com\/index.php\/wp-json\/wp\/v2\/media?parent=5206"}],"curies":[{"name":"wp","href":"https:\/\/api.w.org\/{rel}","templated":true}]}}