{"id":6077,"date":"2021-03-18T12:50:56","date_gmt":"2021-03-18T10:50:56","guid":{"rendered":"https:\/\/studionyytaja.com\/?page_id=6077"},"modified":"2021-03-18T12:52:57","modified_gmt":"2021-03-18T10:52:57","slug":"ala-istu-mihinkaan","status":"publish","type":"page","link":"https:\/\/studionyytaja.com\/index.php\/ala-istu-mihinkaan\/","title":{"rendered":"\u00c4l\u00e4 istu mihink\u00e4\u00e4n"},"content":{"rendered":"\n<figure class=\"wp-block-image size-full\"><img data-recalc-dims=\"1\" fetchpriority=\"high\" decoding=\"async\" width=\"900\" height=\"1200\" src=\"https:\/\/i0.wp.com\/studionyytaja.com\/wp-content\/uploads\/2021\/03\/087_Do_Not_Sit.jpg?resize=900%2C1200&#038;ssl=1\" alt=\"\" class=\"wp-image-6078\" srcset=\"https:\/\/i0.wp.com\/studionyytaja.com\/wp-content\/uploads\/2021\/03\/087_Do_Not_Sit.jpg?w=900&amp;ssl=1 900w, https:\/\/i0.wp.com\/studionyytaja.com\/wp-content\/uploads\/2021\/03\/087_Do_Not_Sit.jpg?resize=225%2C300&amp;ssl=1 225w, https:\/\/i0.wp.com\/studionyytaja.com\/wp-content\/uploads\/2021\/03\/087_Do_Not_Sit.jpg?resize=768%2C1024&amp;ssl=1 768w, https:\/\/i0.wp.com\/studionyytaja.com\/wp-content\/uploads\/2021\/03\/087_Do_Not_Sit.jpg?resize=420%2C560&amp;ssl=1 420w, https:\/\/i0.wp.com\/studionyytaja.com\/wp-content\/uploads\/2021\/03\/087_Do_Not_Sit.jpg?resize=600%2C800&amp;ssl=1 600w\" sizes=\"(max-width: 900px) 100vw, 900px\" \/><figcaption>T\u00e4h\u00e4n et muuten istu!<\/figcaption><\/figure>\n\n\n\n<p>T\u00e4ll\u00e4 hetkell\u00e4 uutta kuvamateriaalia tulee tavanomaista niukemmin vaikka kamera tai useampi kulkee koko ajan mukanani. Kun ulkona liikkuminen on minimaalista, ei kuviakaan kerry normaalitahtiin. T\u00e4m\u00e4n kuvasin t\u00e4n\u00e4 aamuna Jumbon Prismassa k\u00e4ydess\u00e4ni ruokaostoksilla. Siihen, ett\u00e4 kauppakeskusten yhteistiloissa penkit on teipattu ja varustettu istumisen kielt\u00e4vill\u00e4 kylteill\u00e4, on ollut arkea jo hyv\u00e4n aikaa, nyt k\u00e4yt\u00e4nt\u00f6 on levinnyt my\u00f6s liikkeisiin. <br>Olen pannut merkil\u00f6le teippaustyylien moninaisuuden. Toiset ovat satunnaisia kuin variksenpes\u00e4t, toiset tiukan harkittuja kuten t\u00e4m\u00e4 kuvassa oleva.<\/p>\n\n\n\n<p><\/p>\n","protected":false},"excerpt":{"rendered":"<p>T\u00e4ll\u00e4 hetkell\u00e4 uutta kuvamateriaalia tulee tavanomaista niukemmin vaikka kamera tai useampi kulkee koko ajan mukanani. Kun ulkona liikkuminen on minimaalista, ei kuviakaan kerry normaalitahtiin. T\u00e4m\u00e4n kuvasin t\u00e4n\u00e4 aamuna Jumbon Prismassa k\u00e4ydess\u00e4ni ruokaostoksilla. Siihen, ett\u00e4 kauppakeskusten yhteistiloissa penkit on teipattu ja varustettu istumisen kielt\u00e4vill\u00e4 kylteill\u00e4, on ollut arkea jo hyv\u00e4n aikaa, [&hellip;]<\/p>\n","protected":false},"author":1,"featured_media":6078,"parent":0,"menu_order":0,"comment_status":"closed","ping_status":"closed","template":"","meta":{"footnotes":""},"class_list":["post-6077","page","type-page","status-publish","has-post-thumbnail","hentry"],"jetpack_sharing_enabled":true,"_links":{"self":[{"href":"https:\/\/studionyytaja.com\/index.php\/wp-json\/wp\/v2\/pages\/6077","targetHints":{"allow":["GET"]}}],"collection":[{"href":"https:\/\/studionyytaja.com\/index.php\/wp-json\/wp\/v2\/pages"}],"about":[{"href":"https:\/\/studionyytaja.com\/index.php\/wp-json\/wp\/v2\/types\/page"}],"author":[{"embeddable":true,"href":"https:\/\/studionyytaja.com\/index.php\/wp-json\/wp\/v2\/users\/1"}],"replies":[{"embeddable":true,"href":"https:\/\/studionyytaja.com\/index.php\/wp-json\/wp\/v2\/comments?post=6077"}],"version-history":[{"count":2,"href":"https:\/\/studionyytaja.com\/index.php\/wp-json\/wp\/v2\/pages\/6077\/revisions"}],"predecessor-version":[{"id":6080,"href":"https:\/\/studionyytaja.com\/index.php\/wp-json\/wp\/v2\/pages\/6077\/revisions\/6080"}],"wp:featuredmedia":[{"embeddable":true,"href":"https:\/\/studionyytaja.com\/index.php\/wp-json\/wp\/v2\/media\/6078"}],"wp:attachment":[{"href":"https:\/\/studionyytaja.com\/index.php\/wp-json\/wp\/v2\/media?parent=6077"}],"curies":[{"name":"wp","href":"https:\/\/api.w.org\/{rel}","templated":true}]}}